{"id":132,"date":"2016-10-12T10:41:43","date_gmt":"2016-10-12T08:41:43","guid":{"rendered":"http:\/\/www.f8eby.org\/blog\/?page_id=132"},"modified":"2024-11-17T17:20:29","modified_gmt":"2024-11-17T16:20:29","slug":"liens-a-connaitre","status":"publish","type":"page","link":"https:\/\/www.f8eby.org\/blog\/index.php\/liens-a-connaitre\/","title":{"rendered":"Liens utilis\u00e9s pour l&rsquo;informatique, la radio et l&rsquo;\u00e9lectronique"},"content":{"rendered":"<p>Quelques liens qui m&rsquo;ont aid\u00e9 ou qui me servent dans mes diff\u00e9rentes activit\u00e9s techniques.<\/p>\n<h4>Informatique :<\/h4>\n<ul>\n<li><a href=\"https:\/\/www.human-geek.com\/installer-lets-encrypt-sur-un-vps-ovh\/\" target=\"_blank\" rel=\"noopener\">Installer Let&rsquo;s Encrypt<\/a> par <strong>Human Geek<\/strong> sur un serveur OVH.<\/li>\n<li>Un site de r\u00e9f\u00e9rence sur les r\u00e9seaux, le DNS et particuli\u00e8rement IPv6 de <a href=\"http:\/\/www.bortzmeyer.org\/\" target=\"_blank\" rel=\"noopener\">St\u00e9phane Bortzmeyer.<\/a><\/li>\n<li>Le site de ma distribution Linux pr\u00e9f\u00e9r\u00e9e : <a href=\"http:\/\/www.slackware.com\/\" target=\"_blank\" rel=\"noopener\">The Slackware Linux Project,<\/a> qu&rsquo;il est int\u00e9ressant de compl\u00e9ter par une communaut\u00e9 qui met \u00e0 disposition des packages suppl\u00e9mentaires :&nbsp;<a href=\"https:\/\/slackbuilds.org\/\" target=\"_blank\" rel=\"noopener\">Slackbuilds<\/a>.<\/li>\n<\/ul>\n<p>&nbsp;<\/p>\n<h4>Radio :<\/h4>\n<ul>\n<li>L&rsquo;association nationale des radioamateurs fran\u00e7ais : le <a href=\"http:\/\/www.r-e-f.org\/\">R\u00e9seau des Emetteurs Fran\u00e7ais.<\/a><\/li>\n<li>Le site et blog de <a href=\"http:\/\/f5len.org\/\" target=\"_blank\" rel=\"noopener\">Pascal F5LEN<\/a> ainsi que le radio-club de <a href=\"http:\/\/jn38.org\/\" target=\"_blank\" rel=\"noopener\">Rosi\u00e8res F8KID.<\/a><\/li>\n<li>Une mine d&rsquo;informations dans le site de Denis <a href=\"http:\/\/f6crp.pagesperso-orange.fr\/\" target=\"_blank\" rel=\"noopener\">F6CRP<\/a>.<\/li>\n<li>Pr\u00e9parer la licence radioamateur \u00e0 distance c&rsquo;est possible gr\u00e2ce aux cours du radio-club <a href=\"https:\/\/f6kgl-f5kff.fr\/formationf6gpx\/\" target=\"_blank\" rel=\"noopener\">FKGL &#8211; F5KFF<\/a><\/li>\n<li>La cr\u00e9ation de digipeateur et de tracker LoRa par Ricardo Guzman sur <a href=\"https:\/\/github.com\/richonguzman\">GitHub<\/a><\/li>\n<\/ul>\n<h4>&nbsp;<\/h4>\n<h4>S\u00e9curit\u00e9 Civile et radio :<\/h4>\n<ul>\n<li>Bien s\u00fbr la f\u00e9d\u00e9ration est ici <a href=\"https:\/\/www.fnrasec.org\">FNRASEC<\/a><\/li>\n<li>Une Adrasec avec un tr\u00e8s haut savoir-faire, c&rsquo;est l&rsquo;<a href=\"https:\/\/adrasec08.fr\/\">Adrasec des Ardennes<\/a><\/li>\n<\/ul>\n<p>&nbsp;<\/p>\n<h4>\u00c9lectronique :<\/h4>\n<ul>\n<li>L&rsquo;incontournable <a href=\"https:\/\/www.elektor.fr\/\" target=\"_blank\" rel=\"noopener\">site d&rsquo;Elektor<\/a>, qui est un des deux derniers magazines fran\u00e7ais dans ce domaine.<\/li>\n<li>L&rsquo;excellent site <a href=\"https:\/\/www.sonelec-musique.com\/\" target=\"_blank\" rel=\"noopener\">SONELEC<\/a> qui propose une tonne d&rsquo;informations, de montages, avec humour et p\u00e9dagogie.<\/li>\n<\/ul>\n<p>&nbsp;<\/p>\n<h4>Domestique :<\/h4>\n<ul>\n<li>Un m\u00e9dia center, ou comment transformer un vieux PC, voire monter un Raspberry Pi pour regarder des DVD, du streaming : <a href=\"http:\/\/openelec.tv\/\" target=\"_blank\" rel=\"noopener\">OpenElec. <\/a>Avec une bonne carte vid\u00e9o branch\u00e9e \u00e0&nbsp; un projecteur moderne, on a un produit simple et efficace pour r\u00e9aliser un home-cin\u00e9ma.<\/li>\n<\/ul>\n","protected":false},"excerpt":{"rendered":"<p>Quelques liens qui m&rsquo;ont aid\u00e9 ou qui me servent dans mes diff\u00e9rentes activit\u00e9s techniques. Informatique : Installer Let&rsquo;s Encrypt par Human Geek sur un serveur OVH. Un site de r\u00e9f\u00e9rence sur les r\u00e9seaux, le DNS et particuli\u00e8rement IPv6 de St\u00e9phane Bortzmeyer. Le site de ma distribution Linux pr\u00e9f\u00e9r\u00e9e : The Slackware Linux Project, qu&rsquo;il est &hellip; <\/p>\n<p><a class=\"more-link btn\" href=\"https:\/\/www.f8eby.org\/blog\/index.php\/liens-a-connaitre\/\">Lire la suite<\/a><\/p>\n","protected":false},"author":1,"featured_media":0,"parent":0,"menu_order":0,"comment_status":"closed","ping_status":"closed","template":"","meta":{"ngg_post_thumbnail":0,"footnotes":""},"class_list":["post-132","page","type-page","status-publish","hentry","nodate","item-wrap"],"aioseo_notices":[],"_links":{"self":[{"href":"https:\/\/www.f8eby.org\/blog\/index.php\/wp-json\/wp\/v2\/pages\/132","targetHints":{"allow":["GET"]}}],"collection":[{"href":"https:\/\/www.f8eby.org\/blog\/index.php\/wp-json\/wp\/v2\/pages"}],"about":[{"href":"https:\/\/www.f8eby.org\/blog\/index.php\/wp-json\/wp\/v2\/types\/page"}],"author":[{"embeddable":true,"href":"https:\/\/www.f8eby.org\/blog\/index.php\/wp-json\/wp\/v2\/users\/1"}],"replies":[{"embeddable":true,"href":"https:\/\/www.f8eby.org\/blog\/index.php\/wp-json\/wp\/v2\/comments?post=132"}],"version-history":[{"count":0,"href":"https:\/\/www.f8eby.org\/blog\/index.php\/wp-json\/wp\/v2\/pages\/132\/revisions"}],"wp:attachment":[{"href":"https:\/\/www.f8eby.org\/blog\/index.php\/wp-json\/wp\/v2\/media?parent=132"}],"curies":[{"name":"wp","href":"https:\/\/api.w.org\/{rel}","templated":true}]}}